{"id":171,"date":"2024-05-17T07:32:23","date_gmt":"2024-05-17T05:32:23","guid":{"rendered":"https:\/\/gfoo.ch\/?page_id=171"},"modified":"2025-02-06T10:33:14","modified_gmt":"2025-02-06T09:33:14","slug":"kontakt","status":"publish","type":"page","link":"https:\/\/gfoo.ch\/de\/contact\/","title":{"rendered":"Kontakt"},"content":{"rendered":"\t\t<div data-elementor-type=\"wp-page\" data-elementor-id=\"171\" class=\"elementor elementor-171\" data-elementor-post-type=\"page\">\n\t\t\t\t<div class=\"elementor-element elementor-element-8f34657 e-flex e-con-boxed wpr-particle-no wpr-jarallax-no wpr-parallax-no wpr-sticky-section-no e-con e-parent\" data-id=\"8f34657\" data-element_type=\"container\" data-e-type=\"container\" data-settings=\"{&quot;background_background&quot;:&quot;classic&quot;}\">\n\t\t\t\t\t<div class=\"e-con-inner\">\n\t\t<div class=\"elementor-element elementor-element-7897d49 e-con-full e-flex wpr-particle-no wpr-jarallax-no wpr-parallax-no wpr-sticky-section-no e-con e-child\" data-id=\"7897d49\" data-element_type=\"container\" data-e-type=\"container\">\n\t\t\t\t<div class=\"elementor-element elementor-element-31901d9 elementor-widget elementor-widget-heading\" data-id=\"31901d9\" data-element_type=\"widget\" data-e-type=\"widget\" data-widget_type=\"heading.default\">\n\t\t\t\t<div class=\"elementor-widget-container\">\n\t\t\t\t\t<h2 class=\"elementor-heading-title elementor-size-default\">Contact<\/h2>\t\t\t\t<\/div>\n\t\t\t\t<\/div>\n\t\t\t\t<div class=\"elementor-element elementor-element-4609542 elementor-widget elementor-widget-text-editor\" data-id=\"4609542\" data-element_type=\"widget\" data-e-type=\"widget\" data-widget_type=\"text-editor.default\">\n\t\t\t\t<div class=\"elementor-widget-container\">\n\t\t\t\t\t\t\t\t\t<p><strong>Groupement fribourgeois des opticiens et de l&rsquo;optom\u00e9trie (GFOO)<\/strong><\/p><p>Rue de l\u2019H\u00f4pital 15<br \/>CP 592<br \/>1701 Fribourg<\/p>\t\t\t\t\t\t\t\t<\/div>\n\t\t\t\t<\/div>\n\t\t\t\t<div class=\"elementor-element elementor-element-17c09b8 elementor-widget elementor-widget-text-editor\" data-id=\"17c09b8\" data-element_type=\"widget\" data-e-type=\"widget\" data-widget_type=\"text-editor.default\">\n\t\t\t\t<div class=\"elementor-widget-container\">\n\t\t\t\t\t\t\t\t\t<p>Vous avez une demande ou souhaitez rejoindre l&rsquo;association?<\/p>\t\t\t\t\t\t\t\t<\/div>\n\t\t\t\t<\/div>\n\t\t\t\t<div class=\"elementor-element elementor-element-94b64eb elementor-button-align-start elementor-widget elementor-widget-form\" data-id=\"94b64eb\" data-element_type=\"widget\" data-e-type=\"widget\" data-settings=\"{&quot;button_width&quot;:&quot;20&quot;,&quot;step_next_label&quot;:&quot;Suivant&quot;,&quot;step_previous_label&quot;:&quot;Pr\\u00e9c\\u00e9dent&quot;,&quot;step_type&quot;:&quot;text&quot;}\" data-widget_type=\"form.default\">\n\t\t\t\t<div class=\"elementor-widget-container\">\n\t\t\t\t\t\t\t<form class=\"elementor-form\" method=\"post\" name=\"Nouveau formulaire\" aria-label=\"Nouveau formulaire\" novalidate=\"\">\n\t\t\t<input type=\"hidden\" name=\"post_id\" value=\"171\"\/>\n\t\t\t<input type=\"hidden\" name=\"form_id\" value=\"94b64eb\"\/>\n\t\t\t<input type=\"hidden\" name=\"referer_title\" value=\"Contact &#8211; Opticiens et optom\u00e9tristes fribourgeois\" \/>\n\n\t\t\t\t\t\t\t<input type=\"hidden\" name=\"queried_id\" value=\"171\"\/>\n\t\t\t\n\t\t\t<div class=\"elementor-form-fields-wrapper elementor-labels-\">\n\t\t\t\t\t\t\t\t<div class=\"elementor-field-type-select elementor-field-group elementor-column elementor-field-group-field_e24880c elementor-col-100\">\n\t\t\t\t\t\t\t\t\t\t\t\t<label for=\"form-field-field_e24880c\" class=\"elementor-field-label elementor-screen-only\">\n\t\t\t\t\t\t\t\tJe souhaite...\t\t\t\t\t\t\t<\/label>\n\t\t\t\t\t\t\t\t<div class=\"elementor-field elementor-select-wrapper remove-before \">\n\t\t\t<div class=\"select-caret-down-wrapper\">\n\t\t\t\t<svg aria-hidden=\"true\" class=\"e-font-icon-svg e-eicon-caret-down\" viewBox=\"0 0 571.4 571.4\" xmlns=\"http:\/\/www.w3.org\/2000\/svg\"><path d=\"M571 393Q571 407 561 418L311 668Q300 679 286 679T261 668L11 418Q0 407 0 393T11 368 36 357H536Q550 357 561 368T571 393Z\"><\/path><\/svg>\t\t\t<\/div>\n\t\t\t<select name=\"form_fields[field_e24880c]\" id=\"form-field-field_e24880c\" class=\"elementor-field-textual elementor-size-sm\">\n\t\t\t\t\t\t\t\t\t<option value=\"Contacter l&#039;association\">Contacter l&#039;association<\/option>\n\t\t\t\t\t\t\t\t\t<option value=\"Rejoindre l&#039;association\">Rejoindre l&#039;association<\/option>\n\t\t\t\t\t\t\t\t\t<option value=\"Autre\">Autre<\/option>\n\t\t\t\t\t\t\t<\/select>\n\t\t<\/div>\n\t\t\t\t\t\t<\/div>\n\t\t\t\t\t\t\t\t<div class=\"elementor-field-type-text elementor-field-group elementor-column elementor-field-group-name elementor-col-50 elementor-field-required\">\n\t\t\t\t\t\t\t\t\t\t\t\t<label for=\"form-field-name\" class=\"elementor-field-label elementor-screen-only\">\n\t\t\t\t\t\t\t\tPr\u00e9nom\t\t\t\t\t\t\t<\/label>\n\t\t\t\t\t\t\t\t\t\t\t\t\t\t<input size=\"1\" type=\"text\" name=\"form_fields[name]\" id=\"form-field-name\" class=\"elementor-field elementor-size-sm  elementor-field-textual\" placeholder=\"Pr\u00e9nom\" required=\"required\">\n\t\t\t\t\t\t\t\t\t\t\t<\/div>\n\t\t\t\t\t\t\t\t<div class=\"elementor-field-type-text elementor-field-group elementor-column elementor-field-group-field_0b1b03a elementor-col-50 elementor-field-required\">\n\t\t\t\t\t\t\t\t\t\t\t\t<label for=\"form-field-field_0b1b03a\" class=\"elementor-field-label elementor-screen-only\">\n\t\t\t\t\t\t\t\tNom\t\t\t\t\t\t\t<\/label>\n\t\t\t\t\t\t\t\t\t\t\t\t\t\t<input size=\"1\" type=\"text\" name=\"form_fields[field_0b1b03a]\" id=\"form-field-field_0b1b03a\" class=\"elementor-field elementor-size-sm  elementor-field-textual\" placeholder=\"Nom\" required=\"required\">\n\t\t\t\t\t\t\t\t\t\t\t<\/div>\n\t\t\t\t\t\t\t\t<div class=\"elementor-field-type-email elementor-field-group elementor-column elementor-field-group-email elementor-col-100 elementor-field-required\">\n\t\t\t\t\t\t\t\t\t\t\t\t<label for=\"form-field-email\" class=\"elementor-field-label elementor-screen-only\">\n\t\t\t\t\t\t\t\tE-mail\t\t\t\t\t\t\t<\/label>\n\t\t\t\t\t\t\t\t\t\t\t\t\t\t<input size=\"1\" type=\"email\" name=\"form_fields[email]\" id=\"form-field-email\" class=\"elementor-field elementor-size-sm  elementor-field-textual\" placeholder=\"E-mail\" required=\"required\">\n\t\t\t\t\t\t\t\t\t\t\t<\/div>\n\t\t\t\t\t\t\t\t<div class=\"elementor-field-type-textarea elementor-field-group elementor-column elementor-field-group-message elementor-col-100 elementor-field-required\">\n\t\t\t\t\t\t\t\t\t\t\t\t<label for=\"form-field-message\" class=\"elementor-field-label elementor-screen-only\">\n\t\t\t\t\t\t\t\tMessage\t\t\t\t\t\t\t<\/label>\n\t\t\t\t\t\t<textarea class=\"elementor-field-textual elementor-field  elementor-size-sm\" name=\"form_fields[message]\" id=\"form-field-message\" rows=\"4\" placeholder=\"Message\" required=\"required\"><\/textarea>\t\t\t\t<\/div>\n\t\t\t\t\t\t\t\t<div class=\"elementor-field-type-recaptcha_v3 elementor-field-group elementor-column elementor-field-group-field_31f2904 elementor-col-100 recaptcha_v3-inline\">\n\t\t\t\t\t<div class=\"elementor-field\" id=\"form-field-field_31f2904\"><div class=\"elementor-g-recaptcha\" data-sitekey=\"6Lc7oswqAAAAAOGR-9fqUQ7tGcWnMaCwfhE3fRdw\" data-type=\"v3\" data-action=\"Form\" data-badge=\"inline\" data-size=\"invisible\"><\/div><\/div>\t\t\t\t<\/div>\n\t\t\t\t\t\t\t\t<div class=\"elementor-field-group elementor-column elementor-field-type-submit elementor-col-20 e-form__buttons\">\n\t\t\t\t\t<button class=\"elementor-button elementor-size-sm\" type=\"submit\">\n\t\t\t\t\t\t<span class=\"elementor-button-content-wrapper\">\n\t\t\t\t\t\t\t\t\t\t\t\t\t\t\t\t\t\t\t\t\t\t<span class=\"elementor-button-text\">Envoyer<\/span>\n\t\t\t\t\t\t\t\t\t\t\t\t\t<\/span>\n\t\t\t\t\t<\/button>\n\t\t\t\t<\/div>\n\t\t\t<\/div>\n\t\t<\/form>\n\t\t\t\t\t\t<\/div>\n\t\t\t\t<\/div>\n\t\t\t\t<\/div>\n\t\t\t\t\t<\/div>\n\t\t\t\t<\/div>\n\t\t\t\t<\/div>\n\t\t","protected":false},"excerpt":{"rendered":"<p>Kontakt Groupement fribourgeois des opticiens et de l'optom\u00e9trie (GFOO) Rue de l'H\u00f4pital 15CP 5921701 Freiburg Sie haben eine Anfrage oder m\u00f6chten dem Verband beitreten?<\/p>","protected":false},"author":1,"featured_media":0,"parent":0,"menu_order":0,"comment_status":"closed","ping_status":"closed","template":"elementor_theme","meta":{"footnotes":""},"class_list":["post-171","page","type-page","status-publish","hentry"],"yoast_head":"<!-- This site is optimized with the Yoast SEO plugin v27.0 - https:\/\/yoast.com\/product\/yoast-seo-wordpress\/ -->\n<title>Contact &#8211; Opticiens et optom\u00e9tristes fribourgeois<\/title>\n<meta name=\"robots\" content=\"index, follow, max-snippet:-1, max-image-preview:large, max-video-preview:-1\" \/>\n<link rel=\"canonical\" href=\"https:\/\/gfoo.ch\/de\/kontakt\/\" \/>\n<meta property=\"og:locale\" content=\"de_DE\" \/>\n<meta property=\"og:type\" content=\"article\" \/>\n<meta property=\"og:title\" content=\"Contact &#8211; Opticiens et optom\u00e9tristes fribourgeois\" \/>\n<meta property=\"og:description\" content=\"Contact Groupement fribourgeois des opticiens et de l&rsquo;optom\u00e9trie (GFOO) Rue de l\u2019H\u00f4pital 15CP 5921701 Fribourg Vous avez une demande ou souhaitez rejoindre l&rsquo;association?\" \/>\n<meta property=\"og:url\" content=\"https:\/\/gfoo.ch\/de\/kontakt\/\" \/>\n<meta property=\"og:site_name\" content=\"Opticiens et optom\u00e9tristes fribourgeois\" \/>\n<meta property=\"article:modified_time\" content=\"2025-02-06T09:33:14+00:00\" \/>\n<meta property=\"og:image\" content=\"https:\/\/gfoo.ch\/wp-content\/uploads\/2025\/02\/les-membres-image.jpg\" \/>\n\t<meta property=\"og:image:width\" content=\"2336\" \/>\n\t<meta property=\"og:image:height\" content=\"1712\" \/>\n\t<meta property=\"og:image:type\" content=\"image\/jpeg\" \/>\n<meta name=\"twitter:card\" content=\"summary_large_image\" \/>\n<meta name=\"twitter:label1\" content=\"Gesch\u00e4tzte Lesezeit\" \/>\n\t<meta name=\"twitter:data1\" content=\"1\u00a0Minute\" \/>\n<script type=\"application\/ld+json\" class=\"yoast-schema-graph\">{\"@context\":\"https:\/\/schema.org\",\"@graph\":[{\"@type\":\"WebPage\",\"@id\":\"https:\/\/gfoo.ch\/contact\/\",\"url\":\"https:\/\/gfoo.ch\/contact\/\",\"name\":\"Contact &#8211; Opticiens et optom\u00e9tristes fribourgeois\",\"isPartOf\":{\"@id\":\"https:\/\/gfoo.ch\/#website\"},\"datePublished\":\"2024-05-17T05:32:23+00:00\",\"dateModified\":\"2025-02-06T09:33:14+00:00\",\"breadcrumb\":{\"@id\":\"https:\/\/gfoo.ch\/contact\/#breadcrumb\"},\"inLanguage\":\"de-CH\",\"potentialAction\":[{\"@type\":\"ReadAction\",\"target\":[\"https:\/\/gfoo.ch\/contact\/\"]}]},{\"@type\":\"BreadcrumbList\",\"@id\":\"https:\/\/gfoo.ch\/contact\/#breadcrumb\",\"itemListElement\":[{\"@type\":\"ListItem\",\"position\":1,\"name\":\"Accueil\",\"item\":\"https:\/\/gfoo.ch\/\"},{\"@type\":\"ListItem\",\"position\":2,\"name\":\"Contact\"}]},{\"@type\":\"WebSite\",\"@id\":\"https:\/\/gfoo.ch\/#website\",\"url\":\"https:\/\/gfoo.ch\/\",\"name\":\"GFOO\",\"description\":\"Opticiens et optom\u00e9tristes fribourgeois\",\"publisher\":{\"@id\":\"https:\/\/gfoo.ch\/#organization\"},\"alternateName\":\"Groupement fribourgeois des opticiens et de l'optom\u00e9trie\",\"potentialAction\":[{\"@type\":\"SearchAction\",\"target\":{\"@type\":\"EntryPoint\",\"urlTemplate\":\"https:\/\/gfoo.ch\/?s={search_term_string}\"},\"query-input\":{\"@type\":\"PropertyValueSpecification\",\"valueRequired\":true,\"valueName\":\"search_term_string\"}}],\"inLanguage\":\"de-CH\"},{\"@type\":\"Organization\",\"@id\":\"https:\/\/gfoo.ch\/#organization\",\"name\":\"GFOO\",\"alternateName\":\"Groupement fribourgeois des opticiens et de l'optom\u00e9trie\",\"url\":\"https:\/\/gfoo.ch\/\",\"logo\":{\"@type\":\"ImageObject\",\"inLanguage\":\"de-CH\",\"@id\":\"https:\/\/gfoo.ch\/#\/schema\/logo\/image\/\",\"url\":\"https:\/\/gfoo.ch\/wp-content\/uploads\/2024\/05\/cropped-Logo_GFOO-transparent.png\",\"contentUrl\":\"https:\/\/gfoo.ch\/wp-content\/uploads\/2024\/05\/cropped-Logo_GFOO-transparent.png\",\"width\":459,\"height\":433,\"caption\":\"GFOO\"},\"image\":{\"@id\":\"https:\/\/gfoo.ch\/#\/schema\/logo\/image\/\"}}]}<\/script>\n<!-- \/ Yoast SEO plugin. -->","yoast_head_json":{"title":"Kontakt - Freiburger Optiker und Optometristen","robots":{"index":"index","follow":"follow","max-snippet":"max-snippet:-1","max-image-preview":"max-image-preview:large","max-video-preview":"max-video-preview:-1"},"canonical":"https:\/\/gfoo.ch\/de\/kontakt\/","og_locale":"de_DE","og_type":"article","og_title":"Contact &#8211; Opticiens et optom\u00e9tristes fribourgeois","og_description":"Contact Groupement fribourgeois des opticiens et de l&rsquo;optom\u00e9trie (GFOO) Rue de l\u2019H\u00f4pital 15CP 5921701 Fribourg Vous avez une demande ou souhaitez rejoindre l&rsquo;association?","og_url":"https:\/\/gfoo.ch\/de\/kontakt\/","og_site_name":"Opticiens et optom\u00e9tristes fribourgeois","article_modified_time":"2025-02-06T09:33:14+00:00","og_image":[{"width":2336,"height":1712,"url":"https:\/\/gfoo.ch\/wp-content\/uploads\/2025\/02\/les-membres-image.jpg","type":"image\/jpeg"}],"twitter_card":"summary_large_image","twitter_misc":{"Gesch\u00e4tzte Lesezeit":"1\u00a0Minute"},"schema":{"@context":"https:\/\/schema.org","@graph":[{"@type":"WebPage","@id":"https:\/\/gfoo.ch\/contact\/","url":"https:\/\/gfoo.ch\/contact\/","name":"Kontakt - Freiburger Optiker und Optometristen","isPartOf":{"@id":"https:\/\/gfoo.ch\/#website"},"datePublished":"2024-05-17T05:32:23+00:00","dateModified":"2025-02-06T09:33:14+00:00","breadcrumb":{"@id":"https:\/\/gfoo.ch\/contact\/#breadcrumb"},"inLanguage":"de-CH","potentialAction":[{"@type":"ReadAction","target":["https:\/\/gfoo.ch\/contact\/"]}]},{"@type":"BreadcrumbList","@id":"https:\/\/gfoo.ch\/contact\/#breadcrumb","itemListElement":[{"@type":"ListItem","position":1,"name":"Accueil","item":"https:\/\/gfoo.ch\/"},{"@type":"ListItem","position":2,"name":"Contact"}]},{"@type":"WebSite","@id":"https:\/\/gfoo.ch\/#website","url":"https:\/\/gfoo.ch\/","name":"GFOO","description":"Freiburger Optiker und Optometristen","publisher":{"@id":"https:\/\/gfoo.ch\/#organization"},"alternateName":"Groupement fribourgeois des opticiens et de l'optom\u00e9trie","potentialAction":[{"@type":"SearchAction","target":{"@type":"EntryPoint","urlTemplate":"https:\/\/gfoo.ch\/?s={search_term_string}"},"query-input":{"@type":"PropertyValueSpecification","valueRequired":true,"valueName":"search_term_string"}}],"inLanguage":"de-CH"},{"@type":"Organization","@id":"https:\/\/gfoo.ch\/#organization","name":"GFOO","alternateName":"Groupement fribourgeois des opticiens et de l'optom\u00e9trie","url":"https:\/\/gfoo.ch\/","logo":{"@type":"ImageObject","inLanguage":"de-CH","@id":"https:\/\/gfoo.ch\/#\/schema\/logo\/image\/","url":"https:\/\/gfoo.ch\/wp-content\/uploads\/2024\/05\/cropped-Logo_GFOO-transparent.png","contentUrl":"https:\/\/gfoo.ch\/wp-content\/uploads\/2024\/05\/cropped-Logo_GFOO-transparent.png","width":459,"height":433,"caption":"GFOO"},"image":{"@id":"https:\/\/gfoo.ch\/#\/schema\/logo\/image\/"}}]}},"_links":{"self":[{"href":"https:\/\/gfoo.ch\/de\/wp-json\/wp\/v2\/pages\/171","targetHints":{"allow":["GET"]}}],"collection":[{"href":"https:\/\/gfoo.ch\/de\/wp-json\/wp\/v2\/pages"}],"about":[{"href":"https:\/\/gfoo.ch\/de\/wp-json\/wp\/v2\/types\/page"}],"author":[{"embeddable":true,"href":"https:\/\/gfoo.ch\/de\/wp-json\/wp\/v2\/users\/1"}],"replies":[{"embeddable":true,"href":"https:\/\/gfoo.ch\/de\/wp-json\/wp\/v2\/comments?post=171"}],"version-history":[{"count":51,"href":"https:\/\/gfoo.ch\/de\/wp-json\/wp\/v2\/pages\/171\/revisions"}],"predecessor-version":[{"id":1622,"href":"https:\/\/gfoo.ch\/de\/wp-json\/wp\/v2\/pages\/171\/revisions\/1622"}],"wp:attachment":[{"href":"https:\/\/gfoo.ch\/de\/wp-json\/wp\/v2\/media?parent=171"}],"curies":[{"name":"wp","href":"https:\/\/api.w.org\/{rel}","templated":true}]}}