{"id":15,"date":"2024-05-16T11:30:55","date_gmt":"2024-05-16T09:30:55","guid":{"rendered":"https:\/\/gfoo.ch\/?page_id=15"},"modified":"2025-02-10T14:16:25","modified_gmt":"2025-02-10T13:16:25","slug":"accueil","status":"publish","type":"page","link":"http:\/\/gfoo.ch\/fr\/","title":{"rendered":"Accueil"},"content":{"rendered":"\t\t<div data-elementor-type=\"wp-page\" data-elementor-id=\"15\" class=\"elementor elementor-15\" data-elementor-post-type=\"page\">\n\t\t\t\t<div class=\"elementor-element elementor-element-609ace6 e-flex e-con-boxed wpr-particle-no wpr-jarallax-no wpr-parallax-no wpr-sticky-section-no e-con e-parent\" data-id=\"609ace6\" data-element_type=\"container\" data-e-type=\"container\" data-settings=\"{&quot;background_background&quot;:&quot;classic&quot;}\">\n\t\t\t\t\t<div class=\"e-con-inner\">\n\t\t\t\t<div class=\"elementor-element elementor-element-a329d08 elementor-widget elementor-widget-heading\" data-id=\"a329d08\" data-element_type=\"widget\" data-e-type=\"widget\" data-widget_type=\"heading.default\">\n\t\t\t\t<div class=\"elementor-widget-container\">\n\t\t\t\t\t<h2 class=\"elementor-heading-title elementor-size-default\">Groupement <br>\nfribourgeois <br>\ndes opticiens <br>\net de l\u2019optom\u00e9trie<\/h2>\t\t\t\t<\/div>\n\t\t\t\t<\/div>\n\t\t\t\t\t<\/div>\n\t\t\t\t<\/div>\n\t\t<div class=\"elementor-element elementor-element-e666fef e-flex e-con-boxed wpr-particle-no wpr-jarallax-no wpr-parallax-no wpr-sticky-section-no e-con e-parent\" data-id=\"e666fef\" data-element_type=\"container\" data-e-type=\"container\">\n\t\t\t\t\t<div class=\"e-con-inner\">\n\t\t\t\t<div class=\"elementor-element elementor-element-557afed elementor-widget elementor-widget-text-editor\" data-id=\"557afed\" data-element_type=\"widget\" data-e-type=\"widget\" data-widget_type=\"text-editor.default\">\n\t\t\t\t<div class=\"elementor-widget-container\">\n\t\t\t\t\t\t\t\t\t<p>Le Groupement fribourgeois des opticiens et de l\u2019optom\u00e9trie (GFOO) a pour but de repr\u00e9senter et de d\u00e9fendre les int\u00e9r\u00eats de ses membres sur le plan cantonal. Ainsi, il prend toutes les initiatives n\u00e9cessaires pour promouvoir le m\u00e9tier, assurer la formation professionnelle et le perfectionnement.<\/p>\t\t\t\t\t\t\t\t<\/div>\n\t\t\t\t<\/div>\n\t\t\t\t\t<\/div>\n\t\t\t\t<\/div>\n\t\t<div class=\"elementor-element elementor-element-2424d7b e-flex e-con-boxed wpr-particle-no wpr-jarallax-no wpr-parallax-no wpr-sticky-section-no e-con e-parent\" data-id=\"2424d7b\" data-element_type=\"container\" data-e-type=\"container\">\n\t\t\t\t\t<div class=\"e-con-inner\">\n\t\t<div class=\"elementor-element elementor-element-ec38516 e-con-full e-flex wpr-particle-no wpr-jarallax-no wpr-parallax-no wpr-sticky-section-no e-con e-child\" data-id=\"ec38516\" data-element_type=\"container\" data-e-type=\"container\" data-settings=\"{&quot;background_background&quot;:&quot;classic&quot;}\">\n\t\t\t\t<div class=\"elementor-element elementor-element-471a43d elementor-widget elementor-widget-text-editor\" data-id=\"471a43d\" data-element_type=\"widget\" data-e-type=\"widget\" data-widget_type=\"text-editor.default\">\n\t\t\t\t<div class=\"elementor-widget-container\">\n\t\t\t\t\t\t\t\t\t<p><a href=\"https:\/\/gfoo.ch\/membres\/\">Les membres<\/a><\/p>\t\t\t\t\t\t\t\t<\/div>\n\t\t\t\t<\/div>\n\t\t\t\t<\/div>\n\t\t<div class=\"elementor-element elementor-element-d228ca8 e-con-full e-flex wpr-particle-no wpr-jarallax-no wpr-parallax-no wpr-sticky-section-no e-con e-child\" data-id=\"d228ca8\" data-element_type=\"container\" data-e-type=\"container\" data-settings=\"{&quot;background_background&quot;:&quot;classic&quot;}\">\n\t\t\t\t<div class=\"elementor-element elementor-element-d88730a elementor-widget elementor-widget-text-editor\" data-id=\"d88730a\" data-element_type=\"widget\" data-e-type=\"widget\" data-widget_type=\"text-editor.default\">\n\t\t\t\t<div class=\"elementor-widget-container\">\n\t\t\t\t\t\t\t\t\t<p><a href=\"https:\/\/gfoo.ch\/bon-a-savoir\/\">Bon \u00e0 savoir<\/a><\/p>\t\t\t\t\t\t\t\t<\/div>\n\t\t\t\t<\/div>\n\t\t\t\t<\/div>\n\t\t<div class=\"elementor-element elementor-element-0623eed e-con-full e-flex wpr-particle-no wpr-jarallax-no wpr-parallax-no wpr-sticky-section-no e-con e-child\" data-id=\"0623eed\" data-element_type=\"container\" data-e-type=\"container\" data-settings=\"{&quot;background_background&quot;:&quot;classic&quot;}\">\n\t\t\t\t<div class=\"elementor-element elementor-element-41dc747 elementor-widget elementor-widget-text-editor\" data-id=\"41dc747\" data-element_type=\"widget\" data-e-type=\"widget\" data-widget_type=\"text-editor.default\">\n\t\t\t\t<div class=\"elementor-widget-container\">\n\t\t\t\t\t\t\t\t\t<p><a href=\"https:\/\/gfoo.ch\/contact\/\">Contact<\/a><\/p>\t\t\t\t\t\t\t\t<\/div>\n\t\t\t\t<\/div>\n\t\t\t\t<\/div>\n\t\t\t\t\t<\/div>\n\t\t\t\t<\/div>\n\t\t\t\t<\/div>\n\t\t","protected":false},"excerpt":{"rendered":"<p>Groupement fribourgeois des opticiens et de l\u2019optom\u00e9trie Le Groupement fribourgeois des opticiens et de l\u2019optom\u00e9trie (GFOO) a pour but de repr\u00e9senter et de d\u00e9fendre les int\u00e9r\u00eats de ses membres sur le plan cantonal. Ainsi, il prend toutes les initiatives n\u00e9cessaires pour promouvoir le m\u00e9tier, assurer la formation professionnelle et le perfectionnement. Les membres Bon \u00e0 savoir Contact<\/p>\n","protected":false},"author":1,"featured_media":0,"parent":0,"menu_order":0,"comment_status":"closed","ping_status":"closed","template":"elementor_theme","meta":{"footnotes":""},"class_list":["post-15","page","type-page","status-publish","hentry"],"yoast_head":"<!-- This site is optimized with the Yoast SEO plugin v27.0 - https:\/\/yoast.com\/product\/yoast-seo-wordpress\/ -->\n<title>Accueil &#8211; Opticiens et optom\u00e9tristes fribourgeois<\/title>\n<meta name=\"robots\" content=\"index, follow, max-snippet:-1, max-image-preview:large, max-video-preview:-1\" \/>\n<link rel=\"canonical\" href=\"https:\/\/gfoo.ch\/fr\/\" \/>\n<meta property=\"og:locale\" content=\"fr_FR\" \/>\n<meta property=\"og:type\" content=\"article\" \/>\n<meta property=\"og:title\" content=\"Accueil &#8211; Opticiens et optom\u00e9tristes fribourgeois\" \/>\n<meta property=\"og:description\" content=\"Groupement fribourgeois des opticiens et de l\u2019optom\u00e9trie Le Groupement fribourgeois des opticiens et de l\u2019optom\u00e9trie (GFOO) a pour but de repr\u00e9senter et de d\u00e9fendre les int\u00e9r\u00eats de ses membres sur le plan cantonal. Ainsi, il prend toutes les initiatives n\u00e9cessaires pour promouvoir le m\u00e9tier, assurer la formation professionnelle et le perfectionnement. Les membres Bon \u00e0 savoir Contact\" \/>\n<meta property=\"og:url\" content=\"https:\/\/gfoo.ch\/fr\/\" \/>\n<meta property=\"og:site_name\" content=\"Opticiens et optom\u00e9tristes fribourgeois\" \/>\n<meta property=\"article:modified_time\" content=\"2025-02-10T13:16:25+00:00\" \/>\n<meta property=\"og:image\" content=\"https:\/\/gfoo.ch\/wp-content\/uploads\/2025\/02\/les-membres-image.jpg\" \/>\n\t<meta property=\"og:image:width\" content=\"2336\" \/>\n\t<meta property=\"og:image:height\" content=\"1712\" \/>\n\t<meta property=\"og:image:type\" content=\"image\/jpeg\" \/>\n<meta name=\"twitter:card\" content=\"summary_large_image\" \/>\n<meta name=\"twitter:label1\" content=\"Dur\u00e9e de lecture estim\u00e9e\" \/>\n\t<meta name=\"twitter:data1\" content=\"1 minute\" \/>\n<script type=\"application\/ld+json\" class=\"yoast-schema-graph\">{\"@context\":\"https:\/\/schema.org\",\"@graph\":[{\"@type\":\"WebPage\",\"@id\":\"https:\/\/gfoo.ch\/\",\"url\":\"https:\/\/gfoo.ch\/\",\"name\":\"Accueil &#8211; Opticiens et optom\u00e9tristes fribourgeois\",\"isPartOf\":{\"@id\":\"https:\/\/gfoo.ch\/#website\"},\"datePublished\":\"2024-05-16T09:30:55+00:00\",\"dateModified\":\"2025-02-10T13:16:25+00:00\",\"breadcrumb\":{\"@id\":\"https:\/\/gfoo.ch\/#breadcrumb\"},\"inLanguage\":\"fr-FR\",\"potentialAction\":[{\"@type\":\"ReadAction\",\"target\":[\"https:\/\/gfoo.ch\/\"]}]},{\"@type\":\"BreadcrumbList\",\"@id\":\"https:\/\/gfoo.ch\/#breadcrumb\",\"itemListElement\":[{\"@type\":\"ListItem\",\"position\":1,\"name\":\"Accueil\",\"item\":\"https:\/\/gfoo.ch\/\"},{\"@type\":\"ListItem\",\"position\":2,\"name\":\"Accueil\"}]},{\"@type\":\"WebSite\",\"@id\":\"https:\/\/gfoo.ch\/#website\",\"url\":\"https:\/\/gfoo.ch\/\",\"name\":\"GFOO\",\"description\":\"Opticiens et optom\u00e9tristes fribourgeois\",\"publisher\":{\"@id\":\"https:\/\/gfoo.ch\/#organization\"},\"alternateName\":\"Groupement fribourgeois des opticiens et de l'optom\u00e9trie\",\"potentialAction\":[{\"@type\":\"SearchAction\",\"target\":{\"@type\":\"EntryPoint\",\"urlTemplate\":\"https:\/\/gfoo.ch\/?s={search_term_string}\"},\"query-input\":{\"@type\":\"PropertyValueSpecification\",\"valueRequired\":true,\"valueName\":\"search_term_string\"}}],\"inLanguage\":\"fr-FR\"},{\"@type\":\"Organization\",\"@id\":\"https:\/\/gfoo.ch\/#organization\",\"name\":\"GFOO\",\"alternateName\":\"Groupement fribourgeois des opticiens et de l'optom\u00e9trie\",\"url\":\"https:\/\/gfoo.ch\/\",\"logo\":{\"@type\":\"ImageObject\",\"inLanguage\":\"fr-FR\",\"@id\":\"https:\/\/gfoo.ch\/#\/schema\/logo\/image\/\",\"url\":\"https:\/\/gfoo.ch\/wp-content\/uploads\/2024\/05\/cropped-Logo_GFOO-transparent.png\",\"contentUrl\":\"https:\/\/gfoo.ch\/wp-content\/uploads\/2024\/05\/cropped-Logo_GFOO-transparent.png\",\"width\":459,\"height\":433,\"caption\":\"GFOO\"},\"image\":{\"@id\":\"https:\/\/gfoo.ch\/#\/schema\/logo\/image\/\"}}]}<\/script>\n<!-- \/ Yoast SEO plugin. -->","yoast_head_json":{"title":"Accueil &#8211; Opticiens et optom\u00e9tristes fribourgeois","robots":{"index":"index","follow":"follow","max-snippet":"max-snippet:-1","max-image-preview":"max-image-preview:large","max-video-preview":"max-video-preview:-1"},"canonical":"https:\/\/gfoo.ch\/fr\/","og_locale":"fr_FR","og_type":"article","og_title":"Accueil &#8211; Opticiens et optom\u00e9tristes fribourgeois","og_description":"Groupement fribourgeois des opticiens et de l\u2019optom\u00e9trie Le Groupement fribourgeois des opticiens et de l\u2019optom\u00e9trie (GFOO) a pour but de repr\u00e9senter et de d\u00e9fendre les int\u00e9r\u00eats de ses membres sur le plan cantonal. Ainsi, il prend toutes les initiatives n\u00e9cessaires pour promouvoir le m\u00e9tier, assurer la formation professionnelle et le perfectionnement. Les membres Bon \u00e0 savoir Contact","og_url":"https:\/\/gfoo.ch\/fr\/","og_site_name":"Opticiens et optom\u00e9tristes fribourgeois","article_modified_time":"2025-02-10T13:16:25+00:00","og_image":[{"width":2336,"height":1712,"url":"https:\/\/gfoo.ch\/wp-content\/uploads\/2025\/02\/les-membres-image.jpg","type":"image\/jpeg"}],"twitter_card":"summary_large_image","twitter_misc":{"Dur\u00e9e de lecture estim\u00e9e":"1 minute"},"schema":{"@context":"https:\/\/schema.org","@graph":[{"@type":"WebPage","@id":"https:\/\/gfoo.ch\/","url":"https:\/\/gfoo.ch\/","name":"Accueil &#8211; Opticiens et optom\u00e9tristes fribourgeois","isPartOf":{"@id":"https:\/\/gfoo.ch\/#website"},"datePublished":"2024-05-16T09:30:55+00:00","dateModified":"2025-02-10T13:16:25+00:00","breadcrumb":{"@id":"https:\/\/gfoo.ch\/#breadcrumb"},"inLanguage":"fr-FR","potentialAction":[{"@type":"ReadAction","target":["https:\/\/gfoo.ch\/"]}]},{"@type":"BreadcrumbList","@id":"https:\/\/gfoo.ch\/#breadcrumb","itemListElement":[{"@type":"ListItem","position":1,"name":"Accueil","item":"https:\/\/gfoo.ch\/"},{"@type":"ListItem","position":2,"name":"Accueil"}]},{"@type":"WebSite","@id":"https:\/\/gfoo.ch\/#website","url":"https:\/\/gfoo.ch\/","name":"GFOO","description":"Opticiens et optom\u00e9tristes fribourgeois","publisher":{"@id":"https:\/\/gfoo.ch\/#organization"},"alternateName":"Groupement fribourgeois des opticiens et de l'optom\u00e9trie","potentialAction":[{"@type":"SearchAction","target":{"@type":"EntryPoint","urlTemplate":"https:\/\/gfoo.ch\/?s={search_term_string}"},"query-input":{"@type":"PropertyValueSpecification","valueRequired":true,"valueName":"search_term_string"}}],"inLanguage":"fr-FR"},{"@type":"Organization","@id":"https:\/\/gfoo.ch\/#organization","name":"GFOO","alternateName":"Groupement fribourgeois des opticiens et de l'optom\u00e9trie","url":"https:\/\/gfoo.ch\/","logo":{"@type":"ImageObject","inLanguage":"fr-FR","@id":"https:\/\/gfoo.ch\/#\/schema\/logo\/image\/","url":"https:\/\/gfoo.ch\/wp-content\/uploads\/2024\/05\/cropped-Logo_GFOO-transparent.png","contentUrl":"https:\/\/gfoo.ch\/wp-content\/uploads\/2024\/05\/cropped-Logo_GFOO-transparent.png","width":459,"height":433,"caption":"GFOO"},"image":{"@id":"https:\/\/gfoo.ch\/#\/schema\/logo\/image\/"}}]}},"_links":{"self":[{"href":"http:\/\/gfoo.ch\/fr\/wp-json\/wp\/v2\/pages\/15","targetHints":{"allow":["GET"]}}],"collection":[{"href":"http:\/\/gfoo.ch\/fr\/wp-json\/wp\/v2\/pages"}],"about":[{"href":"http:\/\/gfoo.ch\/fr\/wp-json\/wp\/v2\/types\/page"}],"author":[{"embeddable":true,"href":"http:\/\/gfoo.ch\/fr\/wp-json\/wp\/v2\/users\/1"}],"replies":[{"embeddable":true,"href":"http:\/\/gfoo.ch\/fr\/wp-json\/wp\/v2\/comments?post=15"}],"version-history":[{"count":9,"href":"http:\/\/gfoo.ch\/fr\/wp-json\/wp\/v2\/pages\/15\/revisions"}],"predecessor-version":[{"id":1487,"href":"http:\/\/gfoo.ch\/fr\/wp-json\/wp\/v2\/pages\/15\/revisions\/1487"}],"wp:attachment":[{"href":"http:\/\/gfoo.ch\/fr\/wp-json\/wp\/v2\/media?parent=15"}],"curies":[{"name":"wp","href":"https:\/\/api.w.org\/{rel}","templated":true}]}}